{"id":8455,"date":"2024-02-23T23:30:40","date_gmt":"2024-02-24T02:30:40","guid":{"rendered":"https:\/\/ww2.hiperdomestica.com.br\/?page_id=8455"},"modified":"2024-03-09T11:06:58","modified_gmt":"2024-03-09T14:06:58","slug":"consultoria-especializada","status":"publish","type":"page","link":"https:\/\/www.hiperdomestica.com.br\/index.php\/consultoria-especializada\/","title":{"rendered":"Consultoria Especializada"},"content":{"rendered":"<p>[et_pb_section fb_built=&#8221;1&#8243; _builder_version=&#8221;4.23.4&#8243; _module_preset=&#8221;default&#8221; background_enable_color=&#8221;off&#8221; global_colors_info=&#8221;{%22gcid-a1adbbfa-6326-494d-9dcc-45559ab18e27%22:%91%22background_color%22%93}&#8221;][et_pb_row _builder_version=&#8221;4.23.4&#8243; _module_preset=&#8221;default&#8221; global_colors_info=&#8221;{}&#8221;][et_pb_column type=&#8221;4_4&#8243; _builder_version=&#8221;4.23.4&#8243; _module_preset=&#8221;default&#8221; global_colors_info=&#8221;{}&#8221;][et_pb_text _builder_version=&#8221;4.23.4&#8243; _module_preset=&#8221;default&#8221; text_font=&#8221;|600|||||||&#8221; text_text_color=&#8221;gcid-87db0e38-82fa-49e8-b048-d715046909f5&#8243; text_font_size=&#8221;18px&#8221; text_line_height=&#8221;1.4em&#8221; header_font=&#8221;|600|||||||&#8221; header_text_align=&#8221;center&#8221; header_font_size=&#8221;36px&#8221; text_orientation=&#8221;center&#8221; global_colors_info=&#8221;{%22gcid-87db0e38-82fa-49e8-b048-d715046909f5%22:%91%22text_text_color%22%93}&#8221;]<\/p>\n<p>SERVI\u00c7OS<\/p>\n<h1>Consultoria Especializada<\/h1>\n<p>[\/et_pb_text][\/et_pb_column][\/et_pb_row][et_pb_row use_custom_gutter=&#8221;on&#8221; gutter_width=&#8221;2&#8243; make_equal=&#8221;on&#8221; _builder_version=&#8221;4.23.4&#8243; _module_preset=&#8221;default&#8221; width=&#8221;40%&#8221; width_tablet=&#8221;40%&#8221; width_phone=&#8221;80%&#8221; width_last_edited=&#8221;on|phone&#8221; global_colors_info=&#8221;{}&#8221;][et_pb_column type=&#8221;4_4&#8243; _builder_version=&#8221;4.20.2&#8243; _module_preset=&#8221;default&#8221; background_enable_color=&#8221;off&#8221; custom_padding=&#8221;||||false|false&#8221; global_colors_info=&#8221;{}&#8221;][et_pb_divider color=&#8221;gcid-4147f84c-bbd5-4200-b98b-53e6cecc9e66&#8243; divider_weight=&#8221;4px&#8221; _builder_version=&#8221;4.23.4&#8243; _module_preset=&#8221;default&#8221; global_colors_info=&#8221;{%22gcid-4147f84c-bbd5-4200-b98b-53e6cecc9e66%22:%91%22color%22%93}&#8221;][\/et_pb_divider][\/et_pb_column][\/et_pb_row][et_pb_row column_structure=&#8221;2_5,3_5&#8243; use_custom_gutter=&#8221;on&#8221; gutter_width=&#8221;2&#8243; make_equal=&#8221;on&#8221; _builder_version=&#8221;4.23.4&#8243; _module_preset=&#8221;default&#8221; width=&#8221;40%&#8221; width_tablet=&#8221;40%&#8221; width_phone=&#8221;80%&#8221; width_last_edited=&#8221;on|phone&#8221; global_colors_info=&#8221;{}&#8221;][et_pb_column type=&#8221;2_5&#8243; _builder_version=&#8221;4.20.2&#8243; _module_preset=&#8221;default&#8221; background_enable_color=&#8221;off&#8221; custom_padding=&#8221;||||false|false&#8221; global_colors_info=&#8221;{}&#8221;][et_pb_image src=&#8221;https:\/\/www.hiperdomestica.com.br\/wp-content\/uploads\/2024\/02\/icone_consultoria_02.png&#8221; title_text=&#8221;icone_consultoria_02&#8243; _builder_version=&#8221;4.24.2&#8243; _module_preset=&#8221;default&#8221; hover_enabled=&#8221;0&#8243; global_colors_info=&#8221;{}&#8221; sticky_enabled=&#8221;0&#8243;][\/et_pb_image][\/et_pb_column][et_pb_column type=&#8221;3_5&#8243; _builder_version=&#8221;4.20.2&#8243; _module_preset=&#8221;default&#8221; background_enable_color=&#8221;off&#8221; custom_padding=&#8221;||||false|false&#8221; global_colors_info=&#8221;{}&#8221;][et_pb_text _builder_version=&#8221;4.23.4&#8243; _module_preset=&#8221;default&#8221; text_font=&#8221;||||||||&#8221; text_text_color=&#8221;gcid-ae532b46-e891-4615-9a46-89e4ff9aa429&#8243; text_font_size=&#8221;18px&#8221; text_line_height=&#8221;1.3em&#8221; background_layout=&#8221;dark&#8221; global_colors_info=&#8221;{%22gcid-ae532b46-e891-4615-9a46-89e4ff9aa429%22:%91%22text_text_color%22%93}&#8221;]<\/p>\n<p>Nosso time conta com consultores especializados em legisla\u00e7\u00e3o do emprego dom\u00e9stico e est\u00e3o capacitados para esclarecer com seguran\u00e7a todas as d\u00favidas relacionadas \u00e0 regularidade legal do seu empregado, tais como: admiss\u00e3o, afastamentos, sindicatos, seguro-desemprego, entre outras.<\/p>\n<p>No servi\u00e7o de consultoria <strong>n\u00e3o<\/strong> est\u00e3o contempladas eventuais emiss\u00f5es de documentos ou ajustes no eSocial. Para isso, ser\u00e1 necess\u00e1rio fazer a contrata\u00e7\u00e3o do servi\u00e7o de Regulariza\u00e7\u00e3o, se for o caso.<\/p>\n<p>Visando sua maior comodidade, oferecemos duas possibilidades de atendimento pelos nossos consultores especializados:<\/p>\n<p><strong>Consultoria por hora, via telefone ou v\u00eddeo-chamada<\/strong><\/p>\n<ul>\n<li>Consultoria mediante agendamento pr\u00e9vio, em at\u00e9 24h ap\u00f3s a contrata\u00e7\u00e3o do servi\u00e7o. Nossos consultores entram em contato no dia e hor\u00e1rio marcados, por telefone, ou enviam o link de acesso \u00e0 nossa sala virtual, com 30 minutos de anteced\u00eancia.<\/li>\n<\/ul>\n<p><strong>Consultoria por hora, presencial, na sede da Hiper Dom\u00e9stica<\/strong><\/p>\n<ul>\n<li>Consultoria mediante agendamento pr\u00e9vio, em at\u00e9 24h ap\u00f3s a contrata\u00e7\u00e3o do servi\u00e7o, com comparecimento presencial no dia e hor\u00e1rio marcados, no Centro do Rio de Janeiro.<\/li>\n<\/ul>\n<p>Em ambos os casos, no momento da contrata\u00e7\u00e3o com o nosso time Comercial, voc\u00ea poder\u00e1 enviar as suas d\u00favidas, para que tenha um maior aproveitamento no dia agendado.<\/p>\n<p>[\/et_pb_text][\/et_pb_column][\/et_pb_row][et_pb_row _builder_version=&#8221;4.23.4&#8243; _module_preset=&#8221;default&#8221; custom_padding=&#8221;60px||60px||true|false&#8221; global_colors_info=&#8221;{}&#8221;][et_pb_column type=&#8221;4_4&#8243; _builder_version=&#8221;4.23.4&#8243; _module_preset=&#8221;default&#8221; global_colors_info=&#8221;{}&#8221;][et_pb_button button_url=&#8221;https:\/\/landbot.pro\/v3\/H-1719009-BVQ5X05UXJPPW4MX\/index.html&#8221; button_text=&#8221;Contrate agora&#8221; button_alignment=&#8221;center&#8221; _builder_version=&#8221;4.24.2&#8243; _module_preset=&#8221;default&#8221; custom_button=&#8221;on&#8221; button_text_size=&#8221;24px&#8221; button_bg_color=&#8221;gcid-ae532b46-e891-4615-9a46-89e4ff9aa429&#8243; button_border_width=&#8221;0px&#8221; button_border_radius=&#8221;10px&#8221; button_use_icon=&#8221;off&#8221; background_layout=&#8221;dark&#8221; custom_margin=&#8221;||||false|false&#8221; button_border_width_tablet=&#8221;0px&#8221; button_border_width_phone=&#8221;0px&#8221; button_border_width_last_edited=&#8221;on|desktop&#8221; global_colors_info=&#8221;{%22gcid-ae532b46-e891-4615-9a46-89e4ff9aa429%22:%91%22button_bg_color%22%93}&#8221;][\/et_pb_button][\/et_pb_column][\/et_pb_row][\/et_pb_section]<\/p>\n","protected":false},"excerpt":{"rendered":"<p>SERVI\u00c7OS Consultoria EspecializadaNosso time conta com consultores especializados em legisla\u00e7\u00e3o do emprego dom\u00e9stico e est\u00e3o capacitados para esclarecer com seguran\u00e7a todas as d\u00favidas relacionadas \u00e0 regularidade legal do seu empregado, tais como: admiss\u00e3o, afastamentos, sindicatos, seguro-desemprego, entre outras. No servi\u00e7o de consultoria n\u00e3o est\u00e3o contempladas eventuais emiss\u00f5es de documentos ou ajustes no eSocial. Para isso, [&hellip;]<\/p>\n","protected":false},"author":1,"featured_media":0,"parent":0,"menu_order":0,"comment_status":"closed","ping_status":"closed","template":"","meta":{"_et_pb_use_builder":"on","_et_pb_old_content":"","_et_gb_content_width":"","footnotes":""},"yoast_head":"<!-- This site is optimized with the Yoast SEO plugin v23.5 - https:\/\/yoast.com\/wordpress\/plugins\/seo\/ -->\n<title>Consultoria Especializada - Hiper Dom\u00e9stica<\/title>\n<meta name=\"robots\" content=\"index, follow, max-snippet:-1, max-image-preview:large, max-video-preview:-1\" \/>\n<link rel=\"canonical\" href=\"https:\/\/www.hiperdomestica.com.br\/index.php\/consultoria-especializada\/\" \/>\n<meta property=\"og:locale\" content=\"pt_BR\" \/>\n<meta property=\"og:type\" content=\"article\" \/>\n<meta property=\"og:title\" content=\"Consultoria Especializada - Hiper Dom\u00e9stica\" \/>\n<meta property=\"og:description\" content=\"SERVI\u00c7OS Consultoria EspecializadaNosso time conta com consultores especializados em legisla\u00e7\u00e3o do emprego dom\u00e9stico e est\u00e3o capacitados para esclarecer com seguran\u00e7a todas as d\u00favidas relacionadas \u00e0 regularidade legal do seu empregado, tais como: admiss\u00e3o, afastamentos, sindicatos, seguro-desemprego, entre outras. No servi\u00e7o de consultoria n\u00e3o est\u00e3o contempladas eventuais emiss\u00f5es de documentos ou ajustes no eSocial. Para isso, [&hellip;]\" \/>\n<meta property=\"og:url\" content=\"https:\/\/www.hiperdomestica.com.br\/index.php\/consultoria-especializada\/\" \/>\n<meta property=\"og:site_name\" content=\"Hiper Dom\u00e9stica\" \/>\n<meta property=\"article:publisher\" content=\"https:\/\/www.facebook.com\/hiperdomestica\" \/>\n<meta property=\"article:modified_time\" content=\"2024-03-09T14:06:58+00:00\" \/>\n<meta name=\"twitter:card\" content=\"summary_large_image\" \/>\n<meta name=\"twitter:label1\" content=\"Est. tempo de leitura\" \/>\n\t<meta name=\"twitter:data1\" content=\"4 minutos\" \/>\n<script type=\"application\/ld+json\" class=\"yoast-schema-graph\">{\"@context\":\"https:\/\/schema.org\",\"@graph\":[{\"@type\":\"WebPage\",\"@id\":\"https:\/\/www.hiperdomestica.com.br\/index.php\/consultoria-especializada\/\",\"url\":\"https:\/\/www.hiperdomestica.com.br\/index.php\/consultoria-especializada\/\",\"name\":\"Consultoria Especializada - Hiper Dom\u00e9stica\",\"isPartOf\":{\"@id\":\"https:\/\/www.hiperdomestica.com.br\/#website\"},\"datePublished\":\"2024-02-24T02:30:40+00:00\",\"dateModified\":\"2024-03-09T14:06:58+00:00\",\"breadcrumb\":{\"@id\":\"https:\/\/www.hiperdomestica.com.br\/index.php\/consultoria-especializada\/#breadcrumb\"},\"inLanguage\":\"pt-BR\",\"potentialAction\":[{\"@type\":\"ReadAction\",\"target\":[\"https:\/\/www.hiperdomestica.com.br\/index.php\/consultoria-especializada\/\"]}]},{\"@type\":\"BreadcrumbList\",\"@id\":\"https:\/\/www.hiperdomestica.com.br\/index.php\/consultoria-especializada\/#breadcrumb\",\"itemListElement\":[{\"@type\":\"ListItem\",\"position\":1,\"name\":\"In\u00edcio\",\"item\":\"https:\/\/www.hiperdomestica.com.br\/\"},{\"@type\":\"ListItem\",\"position\":2,\"name\":\"Consultoria Especializada\"}]},{\"@type\":\"WebSite\",\"@id\":\"https:\/\/www.hiperdomestica.com.br\/#website\",\"url\":\"https:\/\/www.hiperdomestica.com.br\/\",\"name\":\"Hiper Dom\u00e9stica\",\"description\":\"\",\"publisher\":{\"@id\":\"https:\/\/www.hiperdomestica.com.br\/#organization\"},\"potentialAction\":[{\"@type\":\"SearchAction\",\"target\":{\"@type\":\"EntryPoint\",\"urlTemplate\":\"https:\/\/www.hiperdomestica.com.br\/?s={search_term_string}\"},\"query-input\":{\"@type\":\"PropertyValueSpecification\",\"valueRequired\":true,\"valueName\":\"search_term_string\"}}],\"inLanguage\":\"pt-BR\"},{\"@type\":\"Organization\",\"@id\":\"https:\/\/www.hiperdomestica.com.br\/#organization\",\"name\":\"Hiper Dom\u00e9stica\",\"url\":\"https:\/\/www.hiperdomestica.com.br\/\",\"logo\":{\"@type\":\"ImageObject\",\"inLanguage\":\"pt-BR\",\"@id\":\"https:\/\/www.hiperdomestica.com.br\/#\/schema\/logo\/image\/\",\"url\":\"https:\/\/www.hiperdomestica.com.br\/wp-content\/uploads\/2024\/02\/LOGO_HIPERDOMESTICA_Inteligente_300.png\",\"contentUrl\":\"https:\/\/www.hiperdomestica.com.br\/wp-content\/uploads\/2024\/02\/LOGO_HIPERDOMESTICA_Inteligente_300.png\",\"width\":300,\"height\":108,\"caption\":\"Hiper Dom\u00e9stica\"},\"image\":{\"@id\":\"https:\/\/www.hiperdomestica.com.br\/#\/schema\/logo\/image\/\"},\"sameAs\":[\"https:\/\/www.facebook.com\/hiperdomestica\",\"https:\/\/www.instagram.com\/hiperdomestica\/\"]}]}<\/script>\n<!-- \/ Yoast SEO plugin. -->","yoast_head_json":{"title":"Consultoria Especializada - Hiper Dom\u00e9stica","robots":{"index":"index","follow":"follow","max-snippet":"max-snippet:-1","max-image-preview":"max-image-preview:large","max-video-preview":"max-video-preview:-1"},"canonical":"https:\/\/www.hiperdomestica.com.br\/index.php\/consultoria-especializada\/","og_locale":"pt_BR","og_type":"article","og_title":"Consultoria Especializada - Hiper Dom\u00e9stica","og_description":"SERVI\u00c7OS Consultoria EspecializadaNosso time conta com consultores especializados em legisla\u00e7\u00e3o do emprego dom\u00e9stico e est\u00e3o capacitados para esclarecer com seguran\u00e7a todas as d\u00favidas relacionadas \u00e0 regularidade legal do seu empregado, tais como: admiss\u00e3o, afastamentos, sindicatos, seguro-desemprego, entre outras. No servi\u00e7o de consultoria n\u00e3o est\u00e3o contempladas eventuais emiss\u00f5es de documentos ou ajustes no eSocial. Para isso, [&hellip;]","og_url":"https:\/\/www.hiperdomestica.com.br\/index.php\/consultoria-especializada\/","og_site_name":"Hiper Dom\u00e9stica","article_publisher":"https:\/\/www.facebook.com\/hiperdomestica","article_modified_time":"2024-03-09T14:06:58+00:00","twitter_card":"summary_large_image","twitter_misc":{"Est. tempo de leitura":"4 minutos"},"schema":{"@context":"https:\/\/schema.org","@graph":[{"@type":"WebPage","@id":"https:\/\/www.hiperdomestica.com.br\/index.php\/consultoria-especializada\/","url":"https:\/\/www.hiperdomestica.com.br\/index.php\/consultoria-especializada\/","name":"Consultoria Especializada - Hiper Dom\u00e9stica","isPartOf":{"@id":"https:\/\/www.hiperdomestica.com.br\/#website"},"datePublished":"2024-02-24T02:30:40+00:00","dateModified":"2024-03-09T14:06:58+00:00","breadcrumb":{"@id":"https:\/\/www.hiperdomestica.com.br\/index.php\/consultoria-especializada\/#breadcrumb"},"inLanguage":"pt-BR","potentialAction":[{"@type":"ReadAction","target":["https:\/\/www.hiperdomestica.com.br\/index.php\/consultoria-especializada\/"]}]},{"@type":"BreadcrumbList","@id":"https:\/\/www.hiperdomestica.com.br\/index.php\/consultoria-especializada\/#breadcrumb","itemListElement":[{"@type":"ListItem","position":1,"name":"In\u00edcio","item":"https:\/\/www.hiperdomestica.com.br\/"},{"@type":"ListItem","position":2,"name":"Consultoria Especializada"}]},{"@type":"WebSite","@id":"https:\/\/www.hiperdomestica.com.br\/#website","url":"https:\/\/www.hiperdomestica.com.br\/","name":"Hiper Dom\u00e9stica","description":"","publisher":{"@id":"https:\/\/www.hiperdomestica.com.br\/#organization"},"potentialAction":[{"@type":"SearchAction","target":{"@type":"EntryPoint","urlTemplate":"https:\/\/www.hiperdomestica.com.br\/?s={search_term_string}"},"query-input":{"@type":"PropertyValueSpecification","valueRequired":true,"valueName":"search_term_string"}}],"inLanguage":"pt-BR"},{"@type":"Organization","@id":"https:\/\/www.hiperdomestica.com.br\/#organization","name":"Hiper Dom\u00e9stica","url":"https:\/\/www.hiperdomestica.com.br\/","logo":{"@type":"ImageObject","inLanguage":"pt-BR","@id":"https:\/\/www.hiperdomestica.com.br\/#\/schema\/logo\/image\/","url":"https:\/\/www.hiperdomestica.com.br\/wp-content\/uploads\/2024\/02\/LOGO_HIPERDOMESTICA_Inteligente_300.png","contentUrl":"https:\/\/www.hiperdomestica.com.br\/wp-content\/uploads\/2024\/02\/LOGO_HIPERDOMESTICA_Inteligente_300.png","width":300,"height":108,"caption":"Hiper Dom\u00e9stica"},"image":{"@id":"https:\/\/www.hiperdomestica.com.br\/#\/schema\/logo\/image\/"},"sameAs":["https:\/\/www.facebook.com\/hiperdomestica","https:\/\/www.instagram.com\/hiperdomestica\/"]}]}},"_links":{"self":[{"href":"https:\/\/www.hiperdomestica.com.br\/index.php\/wp-json\/wp\/v2\/pages\/8455"}],"collection":[{"href":"https:\/\/www.hiperdomestica.com.br\/index.php\/wp-json\/wp\/v2\/pages"}],"about":[{"href":"https:\/\/www.hiperdomestica.com.br\/index.php\/wp-json\/wp\/v2\/types\/page"}],"author":[{"embeddable":true,"href":"https:\/\/www.hiperdomestica.com.br\/index.php\/wp-json\/wp\/v2\/users\/1"}],"replies":[{"embeddable":true,"href":"https:\/\/www.hiperdomestica.com.br\/index.php\/wp-json\/wp\/v2\/comments?post=8455"}],"version-history":[{"count":5,"href":"https:\/\/www.hiperdomestica.com.br\/index.php\/wp-json\/wp\/v2\/pages\/8455\/revisions"}],"predecessor-version":[{"id":8669,"href":"https:\/\/www.hiperdomestica.com.br\/index.php\/wp-json\/wp\/v2\/pages\/8455\/revisions\/8669"}],"wp:attachment":[{"href":"https:\/\/www.hiperdomestica.com.br\/index.php\/wp-json\/wp\/v2\/media?parent=8455"}],"curies":[{"name":"wp","href":"https:\/\/api.w.org\/{rel}","templated":true}]}}