{"id":8440,"date":"2024-02-23T23:21:01","date_gmt":"2024-02-24T02:21:01","guid":{"rendered":"https:\/\/ww2.hiperdomestica.com.br\/?page_id=8440"},"modified":"2024-03-09T11:13:15","modified_gmt":"2024-03-09T14:13:15","slug":"quem-somos","status":"publish","type":"page","link":"https:\/\/www.hiperdomestica.com.br\/index.php\/quem-somos\/","title":{"rendered":"Quem Somos"},"content":{"rendered":"<p>[et_pb_section fb_built=&#8221;1&#8243; _builder_version=&#8221;4.23.4&#8243; _module_preset=&#8221;default&#8221; background_enable_color=&#8221;off&#8221; global_colors_info=&#8221;{%22gcid-a1adbbfa-6326-494d-9dcc-45559ab18e27%22:%91%22background_color%22%93}&#8221;][et_pb_row _builder_version=&#8221;4.23.4&#8243; _module_preset=&#8221;default&#8221; global_colors_info=&#8221;{}&#8221;][et_pb_column type=&#8221;4_4&#8243; _builder_version=&#8221;4.23.4&#8243; _module_preset=&#8221;default&#8221; global_colors_info=&#8221;{}&#8221;][et_pb_text _builder_version=&#8221;4.23.4&#8243; _module_preset=&#8221;default&#8221; header_font=&#8221;|600|||||||&#8221; header_text_align=&#8221;center&#8221; header_font_size=&#8221;36px&#8221; global_colors_info=&#8221;{}&#8221;]<\/p>\n<h1>QUEM SOMOS<\/h1>\n<p>[\/et_pb_text][\/et_pb_column][\/et_pb_row][et_pb_row column_structure=&#8221;1_3,1_3,1_3&#8243; use_custom_gutter=&#8221;on&#8221; gutter_width=&#8221;2&#8243; make_equal=&#8221;on&#8221; _builder_version=&#8221;4.20.2&#8243; _module_preset=&#8221;default&#8221; global_colors_info=&#8221;{}&#8221;][et_pb_column type=&#8221;1_3&#8243; _builder_version=&#8221;4.20.2&#8243; _module_preset=&#8221;default&#8221; background_enable_color=&#8221;off&#8221; custom_padding=&#8221;||||false|false&#8221; global_colors_info=&#8221;{}&#8221;][et_pb_image src=&#8221;https:\/\/www.hiperdomestica.com.br\/wp-content\/uploads\/2024\/02\/atendimento-03.jpg&#8221; title_text=&#8221;atendimento-03&#8243; _builder_version=&#8221;4.24.2&#8243; _module_preset=&#8221;default&#8221; hover_enabled=&#8221;0&#8243; border_radii=&#8221;on|20px|20px|20px|20px&#8221; global_colors_info=&#8221;{}&#8221; sticky_enabled=&#8221;0&#8243;][\/et_pb_image][\/et_pb_column][et_pb_column type=&#8221;1_3&#8243; _builder_version=&#8221;4.20.2&#8243; _module_preset=&#8221;default&#8221; background_enable_color=&#8221;off&#8221; custom_padding=&#8221;||||false|false&#8221; global_colors_info=&#8221;{}&#8221;][et_pb_text _builder_version=&#8221;4.23.4&#8243; _module_preset=&#8221;default&#8221; text_font=&#8221;||||||||&#8221; text_text_color=&#8221;gcid-ae532b46-e891-4615-9a46-89e4ff9aa429&#8243; text_font_size=&#8221;18px&#8221; text_line_height=&#8221;1.5em&#8221; background_layout=&#8221;dark&#8221; global_colors_info=&#8221;{%22gcid-ae532b46-e891-4615-9a46-89e4ff9aa429%22:%91%22text_text_color%22%93}&#8221;]<\/p>\n<p>Nascida em 2008 como especializa\u00e7\u00e3o da Hiper Servi\u00e7os de Apoio (<strong><a href=\"https:\/\/hiperservicos.com.br\" target=\"_blank\" rel=\"noopener\">www.hiperservicos.com.br<\/a><\/strong>), a Hiper Dom\u00e9stica tem como miss\u00e3o assessorar de forma completa os empregadores dom\u00e9sticos que necessitam legalizar o v\u00ednculo empregat\u00edcio com as funcion\u00e1rias que ir\u00e3o trabalhar ou que j\u00e1 atuam em suas resid\u00eancias, formalizando as rela\u00e7\u00f5es de direitos e de deveres com qualidade, seguran\u00e7a legal e agilidade.<\/p>\n<p>Oferecemos orienta\u00e7\u00e3o trabalhista e apoio administrativo ao empregador no processo de contrata\u00e7\u00e3o de empregadas dom\u00e9sticas, bem como durante todo o per\u00edodo pelo qual perdurar a rela\u00e7\u00e3o de trabalho entre as partes. Nossos servi\u00e7os abrangem as rotinas mensais de folha de pagamento de sal\u00e1rio e de cr\u00e9dito de benef\u00edcios, al\u00e9m de eventos peri\u00f3dicos (como f\u00e9rias e 13\u00ba sal\u00e1rio); situa\u00e7\u00f5es inesperadas (doen\u00e7as e acidentes de trabalho, por exemplo); rescis\u00f5es; regulariza\u00e7\u00f5es retroativas e diversas demandas pontuais personalizadas.<\/p>\n<p>[\/et_pb_text][\/et_pb_column][et_pb_column type=&#8221;1_3&#8243; _builder_version=&#8221;4.20.2&#8243; _module_preset=&#8221;default&#8221; background_enable_color=&#8221;off&#8221; custom_padding=&#8221;||||false|false&#8221; global_colors_info=&#8221;{}&#8221;][et_pb_text _builder_version=&#8221;4.23.4&#8243; _module_preset=&#8221;default&#8221; text_font=&#8221;|600|||||||&#8221; text_text_color=&#8221;gcid-ae532b46-e891-4615-9a46-89e4ff9aa429&#8243; text_font_size=&#8221;22px&#8221; text_line_height=&#8221;1.3em&#8221; background_layout=&#8221;dark&#8221; global_colors_info=&#8221;{%22gcid-ae532b46-e891-4615-9a46-89e4ff9aa429%22:%91%22text_text_color%22%93}&#8221;]<\/p>\n<p>Com uma equipe especializada e experiente, mantemos as rela\u00e7\u00f5es trabalhistas com as empregadas dom\u00e9sticas devidamente regularizadas, assegurando o total cumprimento das disposi\u00e7\u00f5es legais e evitando problemas futuros!<\/p>\n<p>[\/et_pb_text][et_pb_image src=&#8221;https:\/\/www.hiperdomestica.com.br\/wp-content\/uploads\/2024\/02\/atendimento-02.jpg&#8221; title_text=&#8221;atendimento-02&#8243; _builder_version=&#8221;4.24.2&#8243; _module_preset=&#8221;default&#8221; hover_enabled=&#8221;0&#8243; border_radii=&#8221;on|20px|20px|20px|20px&#8221; global_colors_info=&#8221;{}&#8221; sticky_enabled=&#8221;0&#8243;][\/et_pb_image][\/et_pb_column][\/et_pb_row][et_pb_row _builder_version=&#8221;4.23.4&#8243; _module_preset=&#8221;default&#8221; custom_padding=&#8221;50px||0px||false|false&#8221; global_colors_info=&#8221;{}&#8221;][et_pb_column type=&#8221;4_4&#8243; _builder_version=&#8221;4.23.4&#8243; _module_preset=&#8221;default&#8221; global_colors_info=&#8221;{}&#8221;][et_pb_text _builder_version=&#8221;4.23.4&#8243; _module_preset=&#8221;default&#8221; header_font=&#8221;|600|||||||&#8221; header_text_align=&#8221;center&#8221; header_font_size=&#8221;36px&#8221; global_colors_info=&#8221;{}&#8221;]<\/p>\n<h1>POR QUE HIPERDOM\u00c9STICA?<\/h1>\n<p>[\/et_pb_text][\/et_pb_column][\/et_pb_row][et_pb_row column_structure=&#8221;1_5,1_5,1_5,1_5,1_5&#8243; use_custom_gutter=&#8221;on&#8221; gutter_width=&#8221;2&#8243; make_equal=&#8221;on&#8221; _builder_version=&#8221;4.23.4&#8243; _module_preset=&#8221;default&#8221; global_colors_info=&#8221;{}&#8221;][et_pb_column type=&#8221;1_5&#8243; _builder_version=&#8221;4.23.4&#8243; _module_preset=&#8221;default&#8221; background_color=&#8221;gcid-ae532b46-e891-4615-9a46-89e4ff9aa429&#8243; custom_padding=&#8221;30px|20px|25px|20px|false|true&#8221; border_radii=&#8221;on|10px|10px|10px|10px&#8221; global_colors_info=&#8221;{%22gcid-ae532b46-e891-4615-9a46-89e4ff9aa429%22:%91%22background_color%22%93}&#8221;][et_pb_icon font_icon=&#8221;&#xf5bf;||fa||900&#8243; icon_color=&#8221;gcid-4147f84c-bbd5-4200-b98b-53e6cecc9e66&#8243; icon_width=&#8221;48px&#8221; _builder_version=&#8221;4.23.4&#8243; _module_preset=&#8221;default&#8221; global_colors_info=&#8221;{%22gcid-4147f84c-bbd5-4200-b98b-53e6cecc9e66%22:%91%22icon_color%22%93}&#8221;][\/et_pb_icon][et_pb_text _builder_version=&#8221;4.23.4&#8243; _module_preset=&#8221;default&#8221; text_font=&#8221;|600|||||||&#8221; text_font_size=&#8221;20px&#8221; text_line_height=&#8221;1.1em&#8221; text_orientation=&#8221;center&#8221; background_layout=&#8221;dark&#8221; global_colors_info=&#8221;{}&#8221;]<\/p>\n<p><span>Processo de legaliza\u00e7\u00e3o completo<\/span><\/p>\n<p>[\/et_pb_text][\/et_pb_column][et_pb_column type=&#8221;1_5&#8243; _builder_version=&#8221;4.23.4&#8243; _module_preset=&#8221;default&#8221; background_color=&#8221;gcid-ae532b46-e891-4615-9a46-89e4ff9aa429&#8243; custom_padding=&#8221;30px|20px|25px|20px|false|true&#8221; border_radii=&#8221;on|10px|10px|10px|10px&#8221; global_colors_info=&#8221;{%22gcid-ae532b46-e891-4615-9a46-89e4ff9aa429%22:%91%22background_color%22%93,%22gcid-a1adbbfa-6326-494d-9dcc-45559ab18e27%22:%91%22background_color%22%93}&#8221;][et_pb_icon font_icon=&#8221;&#xe066;||divi||400&#8243; icon_color=&#8221;gcid-4147f84c-bbd5-4200-b98b-53e6cecc9e66&#8243; icon_width=&#8221;48px&#8221; _builder_version=&#8221;4.23.4&#8243; _module_preset=&#8221;default&#8221; global_colors_info=&#8221;{%22gcid-4147f84c-bbd5-4200-b98b-53e6cecc9e66%22:%91%22icon_color%22%93,%22gcid-87db0e38-82fa-49e8-b048-d715046909f5%22:%91%22icon_color%22%93}&#8221;][\/et_pb_icon][et_pb_text _builder_version=&#8221;4.23.4&#8243; _module_preset=&#8221;default&#8221; text_font=&#8221;|600|||||||&#8221; text_font_size=&#8221;20px&#8221; text_line_height=&#8221;1.1em&#8221; text_orientation=&#8221;center&#8221; background_layout=&#8221;dark&#8221; global_colors_info=&#8221;{}&#8221;]<\/p>\n<p><span>Atendimento personalizado<\/span><\/p>\n<p>[\/et_pb_text][\/et_pb_column][et_pb_column type=&#8221;1_5&#8243; _builder_version=&#8221;4.23.4&#8243; _module_preset=&#8221;default&#8221; background_color=&#8221;gcid-ae532b46-e891-4615-9a46-89e4ff9aa429&#8243; custom_padding=&#8221;30px|20px|25px|20px|false|true&#8221; border_radii=&#8221;on|10px|10px|10px|10px&#8221; global_colors_info=&#8221;{%22gcid-ae532b46-e891-4615-9a46-89e4ff9aa429%22:%91%22background_color%22%93,%22gcid-a1adbbfa-6326-494d-9dcc-45559ab18e27%22:%91%22background_color%22%93}&#8221;][et_pb_icon font_icon=&#8221;&#xe089;||divi||400&#8243; icon_color=&#8221;gcid-4147f84c-bbd5-4200-b98b-53e6cecc9e66&#8243; icon_width=&#8221;48px&#8221; _builder_version=&#8221;4.23.4&#8243; _module_preset=&#8221;default&#8221; global_colors_info=&#8221;{%22gcid-4147f84c-bbd5-4200-b98b-53e6cecc9e66%22:%91%22icon_color%22%93,%22gcid-87db0e38-82fa-49e8-b048-d715046909f5%22:%91%22icon_color%22%93}&#8221;][\/et_pb_icon][et_pb_text _builder_version=&#8221;4.23.4&#8243; _module_preset=&#8221;default&#8221; text_font=&#8221;|600|||||||&#8221; text_font_size=&#8221;20px&#8221; text_line_height=&#8221;1.1em&#8221; text_orientation=&#8221;center&#8221; background_layout=&#8221;dark&#8221; global_colors_info=&#8221;{}&#8221;]<\/p>\n<p><i class=\"icon icon-3\"><\/i><span>Consultoria humanizada<\/span><\/p>\n<p>[\/et_pb_text][\/et_pb_column][et_pb_column type=&#8221;1_5&#8243; _builder_version=&#8221;4.23.4&#8243; _module_preset=&#8221;default&#8221; background_color=&#8221;gcid-ae532b46-e891-4615-9a46-89e4ff9aa429&#8243; custom_padding=&#8221;30px|20px|25px|20px|false|true&#8221; border_radii=&#8221;on|10px|10px|10px|10px&#8221; global_colors_info=&#8221;{%22gcid-ae532b46-e891-4615-9a46-89e4ff9aa429%22:%91%22background_color%22%93,%22gcid-a1adbbfa-6326-494d-9dcc-45559ab18e27%22:%91%22background_color%22%93}&#8221;][et_pb_icon font_icon=&#8221;&#xe078;||divi||400&#8243; icon_color=&#8221;gcid-4147f84c-bbd5-4200-b98b-53e6cecc9e66&#8243; icon_width=&#8221;48px&#8221; _builder_version=&#8221;4.23.4&#8243; _module_preset=&#8221;default&#8221; global_colors_info=&#8221;{%22gcid-4147f84c-bbd5-4200-b98b-53e6cecc9e66%22:%91%22icon_color%22%93,%22gcid-87db0e38-82fa-49e8-b048-d715046909f5%22:%91%22icon_color%22%93}&#8221;][\/et_pb_icon][et_pb_text _builder_version=&#8221;4.23.4&#8243; _module_preset=&#8221;default&#8221; text_font=&#8221;|600|||||||&#8221; text_font_size=&#8221;20px&#8221; text_line_height=&#8221;1.1em&#8221; text_orientation=&#8221;center&#8221; background_layout=&#8221;dark&#8221; global_colors_info=&#8221;{}&#8221;]<\/p>\n<p><i class=\"icon icon-4\"><\/i><span>54 anos de mercado<\/span><i class=\"icon icon-5\"><\/i><\/p>\n<p>[\/et_pb_text][\/et_pb_column][et_pb_column type=&#8221;1_5&#8243; _builder_version=&#8221;4.23.4&#8243; _module_preset=&#8221;default&#8221; background_color=&#8221;gcid-ae532b46-e891-4615-9a46-89e4ff9aa429&#8243; custom_padding=&#8221;30px|20px|25px|20px|false|true&#8221; border_radii=&#8221;on|10px|10px|10px|10px&#8221; global_colors_info=&#8221;{%22gcid-ae532b46-e891-4615-9a46-89e4ff9aa429%22:%91%22background_color%22%93,%22gcid-a1adbbfa-6326-494d-9dcc-45559ab18e27%22:%91%22background_color%22%93}&#8221;][et_pb_icon font_icon=&#8221;&#xe033;||divi||400&#8243; icon_color=&#8221;gcid-4147f84c-bbd5-4200-b98b-53e6cecc9e66&#8243; icon_width=&#8221;48px&#8221; _builder_version=&#8221;4.23.4&#8243; _module_preset=&#8221;default&#8221; global_colors_info=&#8221;{%22gcid-4147f84c-bbd5-4200-b98b-53e6cecc9e66%22:%91%22icon_color%22%93,%22gcid-87db0e38-82fa-49e8-b048-d715046909f5%22:%91%22icon_color%22%93}&#8221;][\/et_pb_icon][et_pb_text _builder_version=&#8221;4.23.4&#8243; _module_preset=&#8221;default&#8221; text_font=&#8221;|600|||||||&#8221; text_font_size=&#8221;20px&#8221; text_line_height=&#8221;1.1em&#8221; text_orientation=&#8221;center&#8221; background_layout=&#8221;dark&#8221; global_colors_info=&#8221;{}&#8221;]<\/p>\n<p><i class=\"icon icon-5\"><\/i><span>Servi\u00e7o de qualidade<\/span><\/p>\n<p>[\/et_pb_text][\/et_pb_column][\/et_pb_row][et_pb_row _builder_version=&#8221;4.23.4&#8243; _module_preset=&#8221;default&#8221; global_colors_info=&#8221;{}&#8221;][et_pb_column type=&#8221;4_4&#8243; _builder_version=&#8221;4.23.4&#8243; _module_preset=&#8221;default&#8221; global_colors_info=&#8221;{}&#8221;][et_pb_button button_url=&#8221;https:\/\/landbot.pro\/v3\/H-1719009-BVQ5X05UXJPPW4MX\/index.html&#8221; button_text=&#8221;Contrate agora&#8221; button_alignment=&#8221;center&#8221; _builder_version=&#8221;4.24.2&#8243; _module_preset=&#8221;default&#8221; custom_button=&#8221;on&#8221; button_text_size=&#8221;24px&#8221; button_bg_color=&#8221;gcid-87db0e38-82fa-49e8-b048-d715046909f5&#8243; button_border_width=&#8221;0px&#8221; button_border_radius=&#8221;10px&#8221; button_use_icon=&#8221;off&#8221; background_layout=&#8221;dark&#8221; hover_enabled=&#8221;0&#8243; button_border_width_tablet=&#8221;0px&#8221; button_border_width_phone=&#8221;0px&#8221; button_border_width_last_edited=&#8221;on|desktop&#8221; global_colors_info=&#8221;{%22gcid-87db0e38-82fa-49e8-b048-d715046909f5%22:%91%22button_bg_color%22%93}&#8221; sticky_enabled=&#8221;0&#8243;][\/et_pb_button][\/et_pb_column][\/et_pb_row][\/et_pb_section]<\/p>\n","protected":false},"excerpt":{"rendered":"<p>QUEM SOMOSNascida em 2008 como especializa\u00e7\u00e3o da Hiper Servi\u00e7os de Apoio (www.hiperservicos.com.br), a Hiper Dom\u00e9stica tem como miss\u00e3o assessorar de forma completa os empregadores dom\u00e9sticos que necessitam legalizar o v\u00ednculo empregat\u00edcio com as funcion\u00e1rias que ir\u00e3o trabalhar ou que j\u00e1 atuam em suas resid\u00eancias, formalizando as rela\u00e7\u00f5es de direitos e de deveres com qualidade, seguran\u00e7a [&hellip;]<\/p>\n","protected":false},"author":1,"featured_media":0,"parent":0,"menu_order":0,"comment_status":"closed","ping_status":"closed","template":"","meta":{"_et_pb_use_builder":"on","_et_pb_old_content":"","_et_gb_content_width":"","footnotes":""},"yoast_head":"<!-- This site is optimized with the Yoast SEO plugin v23.5 - https:\/\/yoast.com\/wordpress\/plugins\/seo\/ -->\n<title>Quem Somos - Hiper Dom\u00e9stica<\/title>\n<meta name=\"robots\" content=\"index, follow, max-snippet:-1, max-image-preview:large, max-video-preview:-1\" \/>\n<link rel=\"canonical\" href=\"https:\/\/www.hiperdomestica.com.br\/index.php\/quem-somos\/\" \/>\n<meta property=\"og:locale\" content=\"pt_BR\" \/>\n<meta property=\"og:type\" content=\"article\" \/>\n<meta property=\"og:title\" content=\"Quem Somos - Hiper Dom\u00e9stica\" \/>\n<meta property=\"og:description\" content=\"QUEM SOMOSNascida em 2008 como especializa\u00e7\u00e3o da Hiper Servi\u00e7os de Apoio (www.hiperservicos.com.br), a Hiper Dom\u00e9stica tem como miss\u00e3o assessorar de forma completa os empregadores dom\u00e9sticos que necessitam legalizar o v\u00ednculo empregat\u00edcio com as funcion\u00e1rias que ir\u00e3o trabalhar ou que j\u00e1 atuam em suas resid\u00eancias, formalizando as rela\u00e7\u00f5es de direitos e de deveres com qualidade, seguran\u00e7a [&hellip;]\" \/>\n<meta property=\"og:url\" content=\"https:\/\/www.hiperdomestica.com.br\/index.php\/quem-somos\/\" \/>\n<meta property=\"og:site_name\" content=\"Hiper Dom\u00e9stica\" \/>\n<meta property=\"article:publisher\" content=\"https:\/\/www.facebook.com\/hiperdomestica\" \/>\n<meta property=\"article:modified_time\" content=\"2024-03-09T14:13:15+00:00\" \/>\n<meta name=\"twitter:card\" content=\"summary_large_image\" \/>\n<meta name=\"twitter:label1\" content=\"Est. tempo de leitura\" \/>\n\t<meta name=\"twitter:data1\" content=\"8 minutos\" \/>\n<script type=\"application\/ld+json\" class=\"yoast-schema-graph\">{\"@context\":\"https:\/\/schema.org\",\"@graph\":[{\"@type\":\"WebPage\",\"@id\":\"https:\/\/www.hiperdomestica.com.br\/index.php\/quem-somos\/\",\"url\":\"https:\/\/www.hiperdomestica.com.br\/index.php\/quem-somos\/\",\"name\":\"Quem Somos - Hiper Dom\u00e9stica\",\"isPartOf\":{\"@id\":\"https:\/\/www.hiperdomestica.com.br\/#website\"},\"datePublished\":\"2024-02-24T02:21:01+00:00\",\"dateModified\":\"2024-03-09T14:13:15+00:00\",\"breadcrumb\":{\"@id\":\"https:\/\/www.hiperdomestica.com.br\/index.php\/quem-somos\/#breadcrumb\"},\"inLanguage\":\"pt-BR\",\"potentialAction\":[{\"@type\":\"ReadAction\",\"target\":[\"https:\/\/www.hiperdomestica.com.br\/index.php\/quem-somos\/\"]}]},{\"@type\":\"BreadcrumbList\",\"@id\":\"https:\/\/www.hiperdomestica.com.br\/index.php\/quem-somos\/#breadcrumb\",\"itemListElement\":[{\"@type\":\"ListItem\",\"position\":1,\"name\":\"In\u00edcio\",\"item\":\"https:\/\/www.hiperdomestica.com.br\/\"},{\"@type\":\"ListItem\",\"position\":2,\"name\":\"Quem Somos\"}]},{\"@type\":\"WebSite\",\"@id\":\"https:\/\/www.hiperdomestica.com.br\/#website\",\"url\":\"https:\/\/www.hiperdomestica.com.br\/\",\"name\":\"Hiper Dom\u00e9stica\",\"description\":\"\",\"publisher\":{\"@id\":\"https:\/\/www.hiperdomestica.com.br\/#organization\"},\"potentialAction\":[{\"@type\":\"SearchAction\",\"target\":{\"@type\":\"EntryPoint\",\"urlTemplate\":\"https:\/\/www.hiperdomestica.com.br\/?s={search_term_string}\"},\"query-input\":{\"@type\":\"PropertyValueSpecification\",\"valueRequired\":true,\"valueName\":\"search_term_string\"}}],\"inLanguage\":\"pt-BR\"},{\"@type\":\"Organization\",\"@id\":\"https:\/\/www.hiperdomestica.com.br\/#organization\",\"name\":\"Hiper Dom\u00e9stica\",\"url\":\"https:\/\/www.hiperdomestica.com.br\/\",\"logo\":{\"@type\":\"ImageObject\",\"inLanguage\":\"pt-BR\",\"@id\":\"https:\/\/www.hiperdomestica.com.br\/#\/schema\/logo\/image\/\",\"url\":\"https:\/\/www.hiperdomestica.com.br\/wp-content\/uploads\/2024\/02\/LOGO_HIPERDOMESTICA_Inteligente_300.png\",\"contentUrl\":\"https:\/\/www.hiperdomestica.com.br\/wp-content\/uploads\/2024\/02\/LOGO_HIPERDOMESTICA_Inteligente_300.png\",\"width\":300,\"height\":108,\"caption\":\"Hiper Dom\u00e9stica\"},\"image\":{\"@id\":\"https:\/\/www.hiperdomestica.com.br\/#\/schema\/logo\/image\/\"},\"sameAs\":[\"https:\/\/www.facebook.com\/hiperdomestica\",\"https:\/\/www.instagram.com\/hiperdomestica\/\"]}]}<\/script>\n<!-- \/ Yoast SEO plugin. -->","yoast_head_json":{"title":"Quem Somos - Hiper Dom\u00e9stica","robots":{"index":"index","follow":"follow","max-snippet":"max-snippet:-1","max-image-preview":"max-image-preview:large","max-video-preview":"max-video-preview:-1"},"canonical":"https:\/\/www.hiperdomestica.com.br\/index.php\/quem-somos\/","og_locale":"pt_BR","og_type":"article","og_title":"Quem Somos - Hiper Dom\u00e9stica","og_description":"QUEM SOMOSNascida em 2008 como especializa\u00e7\u00e3o da Hiper Servi\u00e7os de Apoio (www.hiperservicos.com.br), a Hiper Dom\u00e9stica tem como miss\u00e3o assessorar de forma completa os empregadores dom\u00e9sticos que necessitam legalizar o v\u00ednculo empregat\u00edcio com as funcion\u00e1rias que ir\u00e3o trabalhar ou que j\u00e1 atuam em suas resid\u00eancias, formalizando as rela\u00e7\u00f5es de direitos e de deveres com qualidade, seguran\u00e7a [&hellip;]","og_url":"https:\/\/www.hiperdomestica.com.br\/index.php\/quem-somos\/","og_site_name":"Hiper Dom\u00e9stica","article_publisher":"https:\/\/www.facebook.com\/hiperdomestica","article_modified_time":"2024-03-09T14:13:15+00:00","twitter_card":"summary_large_image","twitter_misc":{"Est. tempo de leitura":"8 minutos"},"schema":{"@context":"https:\/\/schema.org","@graph":[{"@type":"WebPage","@id":"https:\/\/www.hiperdomestica.com.br\/index.php\/quem-somos\/","url":"https:\/\/www.hiperdomestica.com.br\/index.php\/quem-somos\/","name":"Quem Somos - Hiper Dom\u00e9stica","isPartOf":{"@id":"https:\/\/www.hiperdomestica.com.br\/#website"},"datePublished":"2024-02-24T02:21:01+00:00","dateModified":"2024-03-09T14:13:15+00:00","breadcrumb":{"@id":"https:\/\/www.hiperdomestica.com.br\/index.php\/quem-somos\/#breadcrumb"},"inLanguage":"pt-BR","potentialAction":[{"@type":"ReadAction","target":["https:\/\/www.hiperdomestica.com.br\/index.php\/quem-somos\/"]}]},{"@type":"BreadcrumbList","@id":"https:\/\/www.hiperdomestica.com.br\/index.php\/quem-somos\/#breadcrumb","itemListElement":[{"@type":"ListItem","position":1,"name":"In\u00edcio","item":"https:\/\/www.hiperdomestica.com.br\/"},{"@type":"ListItem","position":2,"name":"Quem Somos"}]},{"@type":"WebSite","@id":"https:\/\/www.hiperdomestica.com.br\/#website","url":"https:\/\/www.hiperdomestica.com.br\/","name":"Hiper Dom\u00e9stica","description":"","publisher":{"@id":"https:\/\/www.hiperdomestica.com.br\/#organization"},"potentialAction":[{"@type":"SearchAction","target":{"@type":"EntryPoint","urlTemplate":"https:\/\/www.hiperdomestica.com.br\/?s={search_term_string}"},"query-input":{"@type":"PropertyValueSpecification","valueRequired":true,"valueName":"search_term_string"}}],"inLanguage":"pt-BR"},{"@type":"Organization","@id":"https:\/\/www.hiperdomestica.com.br\/#organization","name":"Hiper Dom\u00e9stica","url":"https:\/\/www.hiperdomestica.com.br\/","logo":{"@type":"ImageObject","inLanguage":"pt-BR","@id":"https:\/\/www.hiperdomestica.com.br\/#\/schema\/logo\/image\/","url":"https:\/\/www.hiperdomestica.com.br\/wp-content\/uploads\/2024\/02\/LOGO_HIPERDOMESTICA_Inteligente_300.png","contentUrl":"https:\/\/www.hiperdomestica.com.br\/wp-content\/uploads\/2024\/02\/LOGO_HIPERDOMESTICA_Inteligente_300.png","width":300,"height":108,"caption":"Hiper Dom\u00e9stica"},"image":{"@id":"https:\/\/www.hiperdomestica.com.br\/#\/schema\/logo\/image\/"},"sameAs":["https:\/\/www.facebook.com\/hiperdomestica","https:\/\/www.instagram.com\/hiperdomestica\/"]}]}},"_links":{"self":[{"href":"https:\/\/www.hiperdomestica.com.br\/index.php\/wp-json\/wp\/v2\/pages\/8440"}],"collection":[{"href":"https:\/\/www.hiperdomestica.com.br\/index.php\/wp-json\/wp\/v2\/pages"}],"about":[{"href":"https:\/\/www.hiperdomestica.com.br\/index.php\/wp-json\/wp\/v2\/types\/page"}],"author":[{"embeddable":true,"href":"https:\/\/www.hiperdomestica.com.br\/index.php\/wp-json\/wp\/v2\/users\/1"}],"replies":[{"embeddable":true,"href":"https:\/\/www.hiperdomestica.com.br\/index.php\/wp-json\/wp\/v2\/comments?post=8440"}],"version-history":[{"count":5,"href":"https:\/\/www.hiperdomestica.com.br\/index.php\/wp-json\/wp\/v2\/pages\/8440\/revisions"}],"predecessor-version":[{"id":8672,"href":"https:\/\/www.hiperdomestica.com.br\/index.php\/wp-json\/wp\/v2\/pages\/8440\/revisions\/8672"}],"wp:attachment":[{"href":"https:\/\/www.hiperdomestica.com.br\/index.php\/wp-json\/wp\/v2\/media?parent=8440"}],"curies":[{"name":"wp","href":"https:\/\/api.w.org\/{rel}","templated":true}]}}